{"id":2173,"date":"2015-11-25T10:48:37","date_gmt":"2015-11-25T15:48:37","guid":{"rendered":"http:\/\/www.philippelavalette.com\/en\/filmographie-documentaire\/"},"modified":"2023-06-29T10:03:13","modified_gmt":"2023-06-29T15:03:13","slug":"filmographie-documentaire","status":"publish","type":"page","link":"https:\/\/www.philippelavalette.com\/en\/filmographie-documentaire\/","title":{"rendered":"Documentary filmography"},"content":{"rendered":"<p><a href=\"https:\/\/www.philippelavalette.com\/wp-content\/uploads\/2010\/01\/casque-bleu-Lavalette.jpg\"><img loading=\"lazy\" decoding=\"async\" class=\"alignnone wp-image-1601 size-medium\" src=\"https:\/\/www.philippelavalette.com\/wp-content\/uploads\/2010\/01\/casque-bleu-Lavalette-590x519.jpg\" alt=\"casque bleu Lavalette\" width=\"590\" height=\"519\" srcset=\"https:\/\/www.philippelavalette.com\/wp-content\/uploads\/2010\/01\/casque-bleu-Lavalette-590x519.jpg 590w, https:\/\/www.philippelavalette.com\/wp-content\/uploads\/2010\/01\/casque-bleu-Lavalette-950x836.jpg 950w\" sizes=\"auto, (max-width: 590px) 100vw, 590px\" \/><\/a><\/p>\n<p>&nbsp;<\/p>\n<table id=\"filmo\" border=\"0\">\n<tbody>\n<tr>\n<td><\/td>\n<td>TITLE<\/td>\n<td><\/td>\n<td>\u00a0PRODUCTION<\/td>\n<\/tr>\n<tr>\n<td><\/td>\n<td><strong>Johanne Harelle\u00a0<\/strong>Nadine Valcin<\/td>\n<td><\/td>\n<td>Sahkosh production (Ontario)<\/td>\n<\/tr>\n<tr>\n<td><\/td>\n<td><strong>Chip-Chip <\/strong>\u00a0Richard Desjardins<\/td>\n<td><\/td>\n<td>Rapide Blanc<\/td>\n<\/tr>\n<tr>\n<td><\/td>\n<td><strong>Aupaluk<\/strong>\u00a0Ole Gjerstad<\/td>\n<td><\/td>\n<td>Pro. Pascal Blais<\/td>\n<\/tr>\n<tr>\n<td><\/td>\n<td>\u00a0<strong>Le silence<\/strong>\u00a0 Ren\u00e9e Blanchar<\/td>\n<td><\/td>\n<td>\u00a0\u00c7a tourne productions (N-B)<\/td>\n<\/tr>\n<tr>\n<td><\/td>\n<td><strong>Au lendemain de l&#8217;Odyss\u00e9e<\/strong>\u00a0 Helen Doyle<\/td>\n<td><\/td>\n<td>\u00a0Tatous de la m\u00e9moire<\/td>\n<\/tr>\n<tr>\n<td><\/td>\n<td><strong>In your face\u00a0<\/strong>Josh Freed<\/td>\n<td><\/td>\n<td>Josh freed Productions<\/td>\n<\/tr>\n<tr>\n<td><\/td>\n<td><strong>P\u00f4le sud <\/strong>\u00a0Mathieu Vachon<\/td>\n<td><\/td>\n<td>Toast<\/td>\n<\/tr>\n<tr>\n<td><\/td>\n<td><strong>Carr\u00e9 St Louis <\/strong>\u00a0H\u00e9l\u00e8ne Choquette<\/td>\n<td><\/td>\n<td>Toast<\/td>\n<\/tr>\n<tr>\n<td><\/td>\n<td><strong>Kanata <\/strong>\u00a0H\u00e9l\u00e8ne Choquette<\/td>\n<td><\/td>\n<td>EMA films<\/td>\n<\/tr>\n<tr>\n<td><\/td>\n<td><strong>BIH\u00a0<\/strong>(built Inuit Homeland)\u00a0 Ole Gjerstad<\/td>\n<td><\/td>\n<td>Prod.Pascal Blais<\/td>\n<\/tr>\n<tr>\n<td><\/td>\n<td><strong>The memory mirage<\/strong>\u00a0 Josh Freed<\/td>\n<td><\/td>\n<td>Josh Freed productions<\/td>\n<\/tr>\n<tr>\n<td><\/td>\n<td>\u00a0<strong>Fran\u00e7ois Morelli, artiste <\/strong>\u00a0Suzanne Guy<\/td>\n<td><\/td>\n<td>Productions de M\u00e9vius<\/td>\n<\/tr>\n<tr>\n<td><\/td>\n<td><strong>Nos hommes de l&#8217;ouest<\/strong>\u00a0 \u00a0Ren\u00e9e Blanchar<\/td>\n<td><span style=\"color: #333333;\">\u00a0<\/span><\/td>\n<td>\u00c7a tourne Productions (NB)<\/td>\n<\/tr>\n<tr>\n<td><\/td>\n<td><strong><strong>The end of the line <\/strong><\/strong>\u00a0Josh Freed<\/td>\n<td><\/td>\n<td><span style=\"color: #000000;\">\u00a0Josh freed productions<\/span><\/td>\n<\/tr>\n<tr>\n<td><\/td>\n<td><strong><strong>Mommy, le film <\/strong><\/strong>\u00a0Tessa Salom\u00e9<\/td>\n<td><\/td>\n<td><span style=\"color: #000000;\">Folamour (Paris)<\/span><\/td>\n<\/tr>\n<tr>\n<td><\/td>\n<td><strong><strong>Matawinie, la rencontre des eaux <\/strong><\/strong>\u00a0Andr\u00e9 Gladu<\/td>\n<td><\/td>\n<td><span style=\"color: #000000;\">CPVL<\/span><\/td>\n<\/tr>\n<tr>\n<td><\/td>\n<td><span style=\"color: #00ccff;\"><a style=\"color: #00ccff;\" href=\"https:\/\/vimeo.com\/145203093\">\u00c0 la poursuite de \u00a0la paix<\/a><\/span> \u00a0Garry Beitel<\/td>\n<td><\/td>\n<td>\u00a0<span style=\"color: #000000;\">ReFrame films<\/span><\/td>\n<\/tr>\n<tr>\n<td><\/td>\n<td><strong style=\"line-height: 19px;\">Boijmans <\/strong>\u00a0\u00c9douard Lock<\/td>\n<td><\/td>\n<td><span style=\"color: #000000;\">Mus\u00e9e Boijmans ( Rotterdam)\u00a0<\/span><\/td>\n<\/tr>\n<tr>\n<td><\/td>\n<td><strong style=\"line-height: 19px;\">So you can stand <\/strong>\u00a0Ole Gjerstad<\/td>\n<td><\/td>\n<td><span style=\"color: #000000;\">\u00a0Prod.Pascal Blais (Bernard Lajoie)<\/span><\/td>\n<\/tr>\n<tr>\n<td><\/td>\n<td><strong style=\"line-height: 19px;\">Contr\u00f4les a\u00e9riens <\/strong>\u00a0Jon Kalina<\/td>\n<td><\/td>\n<td><span style=\"color: #000000;\">Id\u00e9acom (Montr\u00e9al) Point du jour (Paris)<\/span><\/td>\n<\/tr>\n<tr>\n<td><\/td>\n<td><strong style=\"line-height: 19px;\">Tintin au Qu\u00e9bec <\/strong><span style=\"line-height: 19px;\">\u00a0J-P Duval<\/span><\/td>\n<td><\/td>\n<td><span style=\"color: #000000;\">Echom\u00e9dias<\/span><\/td>\n<\/tr>\n<tr>\n<td><\/td>\n<td><strong>The spirit of Hannah Arendt <\/strong>\u00a0Ada Ushpiz<\/td>\n<td><\/td>\n<td><span style=\"color: #000000;\">Intuitive films<\/span><\/td>\n<\/tr>\n<tr>\n<td><\/td>\n<td><span style=\"color: #00ccff;\"><a style=\"color: #00ccff;\" href=\"https:\/\/www.informactionfilms.com\/fr\/productions\/la-droite-religieuse-canada.php\">Politique et religion, la droite canadienne<\/a><\/span>\u00a0 Jon Kalina<\/td>\n<td><\/td>\n<td><span style=\"color: #000000;\">Informaction<\/span><\/td>\n<\/tr>\n<tr>\n<td><\/td>\n<td><strong>Le chant du Monde <\/strong>\u00a0Andr\u00e9 Gladu<\/td>\n<td><\/td>\n<td><span style=\"color: #000000;\">CPVL<\/span><\/td>\n<\/tr>\n<tr>\n<td><\/td>\n<td><span style=\"color: #00ccff;\"><a style=\"color: #00ccff;\" href=\"https:\/\/www.youtube.com\/watch?v=D2IX1rSd_70&amp;feature=youtu.be\">\u00c0 tout hasard<\/a><\/span> \u00a0Suzanne Guy (series on public art)<\/td>\n<td><\/td>\n<td><span style=\"color: #000000;\">PVP (Productions Vic Pelletier)<\/span><\/td>\n<\/tr>\n<tr>\n<td><\/td>\n<td><strong>Le galet r\u00e9calcitrant <\/strong>\u00a0Dominique Parent<\/td>\n<td><\/td>\n<td><span style=\"color: #000000;\">Urbi et orbi<\/span><\/td>\n<\/tr>\n<tr>\n<td><\/td>\n<td><strong>Citizen or stranger<\/strong>\u00a0 Jon Kalina<\/td>\n<td><\/td>\n<td><span style=\"color: #000000;\">Intuitive films<\/span><\/td>\n<\/tr>\n<tr>\n<td><\/td>\n<td><span style=\"color: #00ccff;\"><a style=\"color: #00ccff;\" href=\"https:\/\/www.onf.ca\/film\/alphee_des_etoiles\/trailer\/alphee-des-etoiles-bande-annonce\">Alph\u00e9e des \u00e9toiles\u00a0<\/a><\/span>\u00a0 Hugo Latulippe<\/td>\n<td><\/td>\n<td><span style=\"color: #000000;\">films Esperamos<\/span><\/td>\n<\/tr>\n<tr>\n<td><\/td>\n<td><strong>Vus par hasard<\/strong> (series on public art)\u00a0 Suzanne Guy<\/td>\n<td><\/td>\n<td><span style=\"color: #000000;\">Doc films<\/span><\/td>\n<\/tr>\n<tr>\n<td><\/td>\n<td><span style=\"color: #00ccff;\"><a style=\"color: #00ccff;\" href=\"https:\/\/www.youtube.com\/watch?v=i_QcVb1-yEo\">On ne mourra pas d&#8217;en parler<\/a><\/span>\u00a0 \u00a0 Violette Daneau<\/td>\n<td><\/td>\n<td><span style=\"color: #000000;\">Rapide blanc<\/span><\/td>\n<\/tr>\n<tr>\n<td><strong>\u00a0<\/strong><\/td>\n<td><span style=\"color: #00ccff;\"><a style=\"color: #00ccff;\" href=\"https:\/\/www.onf.ca\/film\/war_is_not_a_game_feature\">War is not a game<\/a> <\/span><strong>\u00a0<\/strong>\u00a0Lode Desmet<\/td>\n<td><\/td>\n<td><span style=\"color: #000000;\">Simple Production (Belgique) \/ Cine Qua Non Media\/ONF<\/span><\/td>\n<\/tr>\n<tr>\n<td><\/td>\n<td><strong>Les liens du sang <\/strong>\u00a0Dominique Parent<\/td>\n<td><\/td>\n<td><span style=\"color: #000000;\">Fairplay<\/span><\/td>\n<\/tr>\n<tr>\n<td><\/td>\n<td><span style=\"color: #00ccff;\"><a style=\"color: #00ccff;\" href=\"https:\/\/www.informactionfilms.com\/fr\/productions\/est-pour-toujours.php\">L&#8217;est pour toujours<\/a> <\/span>\u00a0 Carole Lagani\u00e8re<\/td>\n<td><\/td>\n<td><span style=\"color: #000000;\">Informaction (Ian Oliveiri)<\/span><\/td>\n<\/tr>\n<tr>\n<td><\/td>\n<td><strong>Karsh is history<\/strong>\u00a0 Joseph Hillel<\/td>\n<td><\/td>\n<td><span style=\"color: #000000;\">Grand Nord (Ian Mac Laren)<\/span><\/td>\n<\/tr>\n<tr>\n<td><\/td>\n<td><strong>Pis nous autres dans tout \u00e7a?<\/strong>\u00a0 \u00a0Andr\u00e9anne Germain<\/td>\n<td><\/td>\n<td><span style=\"color: #000000;\">ONF Toronto<\/span><\/td>\n<\/tr>\n<tr>\n<td><\/td>\n<td><strong>360 degr\u00e9s <\/strong>\u00a0 Caroline Monnet<\/td>\n<td><\/td>\n<td><span style=\"color: #000000;\">ONF Toronto<\/span><\/td>\n<\/tr>\n<tr>\n<td><\/td>\n<td><span style=\"color: #000000;\"><strong>Marrons <\/strong>\u00a0Andr\u00e9 Gladu<\/span><\/td>\n<td><\/td>\n<td><span style=\"color: #000000;\">ONF<\/span><\/td>\n<\/tr>\n<tr>\n<td><\/td>\n<td><strong>Mon parc, mes plaines<\/strong>\u00a0 Carole Lagani\u00e8re<\/td>\n<td><\/td>\n<td><span style=\"color: #000000;\">ONF Toronto<\/span><\/td>\n<\/tr>\n<tr>\n<td><\/td>\n<td><strong>Parc Lafontaine, petite musique urbaine<\/strong>\u00a0 \u00a0Carole Lagani\u00e8re<\/td>\n<td><\/td>\n<td><span style=\"color: #000000;\">Informaction (Nathalie Barton)<\/span><\/td>\n<\/tr>\n<tr>\n<td><\/td>\n<td><strong>Le magicien de Kaboul<\/strong>\u00a0 \u00a0Philippe Baylaucq<\/td>\n<td><\/td>\n<td><span style=\"color: #000000;\">Informaction<\/span><\/td>\n<\/tr>\n<tr>\n<td><\/td>\n<td><strong>Les r\u00e9fugi\u00e9s de la plan\u00e8te bleue<\/strong><br \/>\nJean-Philippe Duval and H\u00e9l\u00e8ne Choquette<\/td>\n<td><\/td>\n<td><span style=\"color: #000000;\">Virage (Monique Simard)<\/span><\/td>\n<\/tr>\n<tr>\n<td><\/td>\n<td><strong>Le deuil de la violence<\/strong>\u00a0 \u00a0Olivier Lassu<\/td>\n<td><\/td>\n<td><span style=\"color: #000000;\">Ampersand (Paris) \/ Informaction (Nathalie Barton)<\/span><\/td>\n<\/tr>\n<tr>\n<td><\/td>\n<td><span style=\"color: #00ccff;\"><a style=\"color: #00ccff;\" href=\"https:\/\/vimeo.com\/2415024\">R\u00eave \u00e9veill\u00e9 \u00e0 J\u00e9rusalem<\/a><\/span>\u00a0 Patrick Bokanowski<\/td>\n<td><\/td>\n<td><span style=\"color: #000000;\">Kira films<\/span><\/td>\n<\/tr>\n<tr>\n<td><\/td>\n<td><span style=\"color: #00ccff;\"><a style=\"color: #00ccff;\" href=\"https:\/\/www.informactionfilms.com\/fr\/productions\/vues-est.php\">Vues de l&#8217;est<\/a><\/span>\u00a0 \u00a0Carole Lagani\u00e8re<\/td>\n<td><\/td>\n<td><span style=\"color: #000000;\">Informaction (Nathalie Barton)<\/span><\/td>\n<\/tr>\n<tr>\n<td><\/td>\n<td><span style=\"color: #00ccff;\"><a style=\"color: #00ccff;\" href=\"https:\/\/www.informactionfilms.com\/fr\/productions\/de-memoires-chats-ruelles.php\">De m\u00e9moire de chats : les ruelles<\/a> <\/span>\u00a0 Manon Barbeau<\/td>\n<td><\/td>\n<td>Informaction (Nathalie Barton)<\/td>\n<\/tr>\n<tr>\n<td><\/td>\n<td><span style=\"color: #00ccff;\"><a style=\"color: #00ccff;\" href=\"https:\/\/www.informactionfilms.com\/fr\/productions\/la-griffe-magique.php\">La griffe magique<\/a><\/span>\u00a0 \u00a0Carlos Ferrand<\/td>\n<td><\/td>\n<td>Informaction (Nathalie Barton)<\/td>\n<\/tr>\n<tr>\n<td><\/td>\n<td><strong>Les messagers <\/strong>\u00a0 Helen Doyle<\/td>\n<td><\/td>\n<td>Informaction (Nathalie Barton)<\/td>\n<\/tr>\n<tr>\n<td><\/td>\n<td><span style=\"color: #00ccff;\"><a style=\"color: #00ccff;\" href=\"https:\/\/www.catherinefol.com\/films\/CNPEinstein\/CNPEinstein.htm\">Ceci n&#8217;est pas Einstein<\/a><\/span>\u00a0 Catherine Fol<\/td>\n<td><\/td>\n<td>ONF<\/td>\n<\/tr>\n<tr>\n<td><\/td>\n<td><strong>Hypnose<\/strong>\u00a0 Denis Blaqui\u00e8re<\/td>\n<td><\/td>\n<td>Pixcom (Montr\u00e9al)<\/td>\n<\/tr>\n<tr>\n<td><\/td>\n<td><span style=\"color: #00ccff;\"><a style=\"color: #00ccff;\" href=\"https:\/\/www.onf.ca\/film\/hubert_reeves_conteur_detoiles\">Conteur d&#8217;\u00e9toiles &#8211; Hubert Reeves<\/a> <\/span>\u00a0 Yolande Cadrin- Rossignol<\/td>\n<td><\/td>\n<td>ONF<\/td>\n<\/tr>\n<tr>\n<td><\/td>\n<td><span style=\"color: #00ccff;\"><a style=\"color: #00ccff;\" href=\"https:\/\/www.onf.ca\/film\/quelques_raisons_desperer\">Quelques raisons d&#8217;esp\u00e9rer<\/a><\/span>\u00a0 \u00a0Fernand Dansereau<\/td>\n<td><\/td>\n<td>ONF<\/td>\n<\/tr>\n<tr>\n<td><\/td>\n<td><strong>Le printemps<\/strong>\u00a0 Bernar H\u00e9bert<\/td>\n<td><\/td>\n<td>Cin\u00e9 Qua Non (Michel Ouellette)<\/td>\n<\/tr>\n<tr>\n<td><\/td>\n<td><strong>C&#8217;est comme \u00e7a<\/strong>\u00a0 \u00a0Nathalie Martin<\/td>\n<td><\/td>\n<td>ONF<\/td>\n<\/tr>\n<tr>\n<td><\/td>\n<td><span style=\"color: #00ccff;\"><a style=\"color: #00ccff;\" href=\"https:\/\/www.onf.ca\/film\/barbeau_libre_comme_art\">Barbeau, libre comme l&#8217;art<\/a> <\/span>\u00a0Manon Barbeau<\/td>\n<td><\/td>\n<td>Informaction \/ ONF<\/td>\n<\/tr>\n<tr>\n<td><\/td>\n<td><strong>Le temps des barbares<\/strong>\u00a0 \u00a0Jean-Daniel Lafond<\/td>\n<td><\/td>\n<td>Alter-cin\u00e9<\/td>\n<\/tr>\n<tr>\n<td><\/td>\n<td><span style=\"color: #00ccff;\"><a style=\"color: #00ccff;\" href=\"https:\/\/www.informactionfilms.com\/fr\/productions\/visionnaires.php\">Visionnaires<\/a> <\/span>\u00a0Carlos Ferrand<\/td>\n<td><\/td>\n<td>Informaction<\/td>\n<\/tr>\n<tr>\n<td><\/td>\n<td><span style=\"color: #00ccff;\"><a style=\"color: #00ccff;\" href=\"https:\/\/www.onf.ca\/film\/mediterraneo_sempre\">M\u00e9diterran\u00e9e Sempre<\/a><\/span>\u00a0 \u00a0Nicola Zavaglia<\/td>\n<td><\/td>\n<td>ONF<\/td>\n<\/tr>\n<tr>\n<td><\/td>\n<td><strong>Les enfants des r\u00eaves de Nagano<\/strong>\u00a0 Bernar H\u00e9bert<\/td>\n<td><\/td>\n<td>Cin\u00e9 Qua Non<\/td>\n<\/tr>\n<tr>\n<td><\/td>\n<td><span style=\"color: #00ccff;\"><a style=\"color: #00ccff;\" href=\"https:\/\/www.onf.ca\/film\/le_pont_de_lexil\">Le pont de l&#8217;exil<\/a><\/span>\u00a0 Jean-Pierre Gari\u00e9py<\/td>\n<td><\/td>\n<td>ONF<\/td>\n<\/tr>\n<tr>\n<td><\/td>\n<td><strong>Impressions<\/strong>\u00a0 Bernar H\u00e9bert and Beno\u00eet Pilon<\/td>\n<td><\/td>\n<td>Cin\u00e9 Qua Non<\/td>\n<\/tr>\n<tr>\n<td><\/td>\n<td><span style=\"color: #00ccff;\"><a style=\"color: #00ccff;\" href=\"https:\/\/www.onf.ca\/film\/enfants_de_refus_global\">Les enfants de Refus Global<\/a> <\/span>\u00a0 Manon Barbeau<\/td>\n<td><\/td>\n<td>ONF<\/td>\n<\/tr>\n<\/tbody>\n<\/table>\n<h2><span style=\"text-decoration: underline;\">R\u00c9ALISATION<\/span><\/h2>\n<p><span style=\"color: #00ccff;\"><a style=\"color: #00ccff;\" href=\"https:\/\/www.youtube.com\/watch?v=wKmcVy_RwsU\"><strong>M.Brault <\/strong>ou les mouvements de la vie \u00a0<\/a><\/span>\u00a0 by Philippe Lavalette \/ Abel films<\/p>\n<p><span style=\"color: #00ccff;\"><strong><a style=\"color: #00ccff;\" href=\"https:\/\/www.informactionfilms.com\/fr\/productions\/chef-themis-cuisinier-sans-frontieres.php\">Chef Th\u00e9mis, cuisinier sans fronti\u00e8res<\/a>\u00a0 <\/strong><\/span>by Philippe Lavalette (Information)<\/p>\n<p><span style=\"color: #00ccff;\"><strong><a style=\"color: #00ccff;\" href=\"https:\/\/www.philippelavalette.com\/un-gamin-de-paris-realisation\/\">Un gamin de Paris<\/a><\/strong><\/span>\u00a0 by Philippe Lavalette \/ Abel Films<\/p>\n<p><span style=\"color: #00ccff;\"><strong><a style=\"color: #00ccff;\" href=\"https:\/\/www.youtube.com\/watch?v=0B2UnY3sMlg\">R\u00eaver le Fran\u00e7ais<\/a> <\/strong><\/span>( Documentary trilogy)<br \/>\nby Jean-Michel Djian and Philippe Lavalette \/ Virage (Monique Simard) and Grenade (Paris)<\/p>\n<p><strong>Sur les rives du Tapajos<\/strong>\u00a0 by Philippe Lavalette \/ Virage (Monique Simard)<\/p>\n<p><strong>Tipolis <\/strong>by\u00a0Philippe Lavalette \/ Virage (Marcel Simard)<\/p>\n<p><strong>La syntaxe du regard<\/strong>\u00a0 CNRS<\/p>\n<p><strong>Les arpenteurs de Karnak<\/strong> CNRS<\/p>\n<p><strong>Les \u00e9quipements de la solitude<\/strong> CNRS<\/p>\n<p>&nbsp;<\/p>\n<p>&nbsp;<\/p>\n","protected":false},"excerpt":{"rendered":"<p>&nbsp; TITLE \u00a0PRODUCTION Johanne Harelle\u00a0Nadine Valcin Sahkosh production (Ontario) Chip-Chip \u00a0Richard Desjardins Rapide Blanc Aupaluk\u00a0Ole Gjerstad Pro&#8230;.<\/p>\n","protected":false},"author":3,"featured_media":3247,"parent":0,"menu_order":0,"comment_status":"closed","ping_status":"closed","template":"documentaire.php","meta":{"_mi_skip_tracking":false,"footnotes":""},"class_list":["post-2173","page","type-page","status-publish","has-post-thumbnail","hentry"],"acf":[],"_links":{"self":[{"href":"https:\/\/www.philippelavalette.com\/en\/wp-json\/wp\/v2\/pages\/2173","targetHints":{"allow":["GET"]}}],"collection":[{"href":"https:\/\/www.philippelavalette.com\/en\/wp-json\/wp\/v2\/pages"}],"about":[{"href":"https:\/\/www.philippelavalette.com\/en\/wp-json\/wp\/v2\/types\/page"}],"author":[{"embeddable":true,"href":"https:\/\/www.philippelavalette.com\/en\/wp-json\/wp\/v2\/users\/3"}],"replies":[{"embeddable":true,"href":"https:\/\/www.philippelavalette.com\/en\/wp-json\/wp\/v2\/comments?post=2173"}],"version-history":[{"count":89,"href":"https:\/\/www.philippelavalette.com\/en\/wp-json\/wp\/v2\/pages\/2173\/revisions"}],"predecessor-version":[{"id":3340,"href":"https:\/\/www.philippelavalette.com\/en\/wp-json\/wp\/v2\/pages\/2173\/revisions\/3340"}],"wp:featuredmedia":[{"embeddable":true,"href":"https:\/\/www.philippelavalette.com\/en\/wp-json\/wp\/v2\/media\/3247"}],"wp:attachment":[{"href":"https:\/\/www.philippelavalette.com\/en\/wp-json\/wp\/v2\/media?parent=2173"}],"curies":[{"name":"wp","href":"https:\/\/api.w.org\/{rel}","templated":true}]}}